{"id":491,"date":"2026-04-25T20:15:39","date_gmt":"2026-04-25T18:15:39","guid":{"rendered":"https:\/\/de-light.art\/impressum\/"},"modified":"2026-04-28T22:20:02","modified_gmt":"2026-04-28T20:20:02","slug":"impressum","status":"publish","type":"page","link":"https:\/\/de-light.art\/en\/impressum\/","title":{"rendered":"Impressum"},"content":{"rendered":"\t\t<div data-elementor-type=\"wp-page\" data-elementor-id=\"491\" class=\"elementor elementor-491 elementor-119\">\n\t\t\t\t<div class=\"elementor-element elementor-element-44ffc32 e-flex e-con-boxed e-con e-parent\" data-id=\"44ffc32\" data-element_type=\"container\" data-e-type=\"container\" data-settings=\"{&quot;jet_parallax_layout_list&quot;:[]}\">\n\t\t\t\t\t<div class=\"e-con-inner\">\n\t\t\t\t<div class=\"elementor-element elementor-element-39a5a7c9 elementor-widget elementor-widget-heading\" data-id=\"39a5a7c9\" data-element_type=\"widget\" data-e-type=\"widget\" data-widget_type=\"heading.default\">\n\t\t\t\t\t<h2 class=\"elementor-heading-title elementor-size-default\">Impressum<\/h2>\t\t\t\t<\/div>\n\t\t\t\t<div class=\"elementor-element elementor-element-349bd87e elementor-widget elementor-widget-text-editor\" data-id=\"349bd87e\" data-element_type=\"widget\" data-e-type=\"widget\" data-widget_type=\"text-editor.default\">\n\t\t\t\t\t\t\t\t\t<p><strong>Angaben gem\u00e4\u00df \u00a7 5 TMG<\/strong><\/p>\n<p><b>DE.Light Events UG (haftungsbeschr\u00e4nkt)<\/b><br><strong>Inhaber:<\/strong>&nbsp;DE.Light Events UG<br>Handelsregisternummer: HRB 272954&nbsp;<\/p>\n<p><strong>Umsatzsteuer-Identifikationsnummer gem\u00e4\u00df \u00a727 a Umsatzsteuergesetz:<\/strong><br>DE453208757<\/p>\n<p><strong>Kontakt<\/strong><\/p>\n<p>Mail:&nbsp;<span class=\"gI\"><span class=\"qu\" tabindex=\"-1\" role=\"gridcell\" translate=\"no\"><span class=\"go\">de.light.concerts@gmail.com<\/span><\/span><\/span><\/p>\n<p>Gaudystr. 8 \u2022 10437 \u2022 Berlin<\/p>\n<p><strong>Haftung f\u00fcr Inhalte<\/strong><\/p>\n<p>Als Diensteanbieter sind wir gem\u00e4\u00df \u00a7 7 Abs.1 TMG f\u00fcr eigene Inhalte auf diesen Seiten nach den allgemeinen Gesetzen verantwortlich. Nach \u00a7\u00a7 8 bis 10 TMG sind wir als Diensteanbieter jedoch nicht verpflichtet, \u00fcbermittelte oder gespeicherte fremde Informationen zu \u00fcberwachen oder nach Umst\u00e4nden zu forschen, die auf eine rechtswidrige T\u00e4tigkeit hinweisen. Verpflichtungen zur Entfernung oder Sperrung der Nutzung von Informationen nach den allgemeinen Gesetzen bleiben hiervon unber\u00fchrt. Eine diesbez\u00fcgliche Haftung ist jedoch erst ab dem Zeitpunkt der Kenntnis einer konkreten Rechtsverletzung m\u00f6glich. Bei Bekanntwerden von entsprechenden Rechtsverletzungen werden wir diese Inhalte umgehend entfernen.<\/p>\n<p><strong>Haftung f\u00fcr Links<\/strong><\/p>\n<p>Unser Angebot enth\u00e4lt Links zu externen Websites Dritter, auf deren Inhalte wir keinen Einfluss haben. Deshalb k\u00f6nnen wir f\u00fcr diese fremden Inhalte auch keine Gew\u00e4hr \u00fcbernehmen. F\u00fcr die Inhalte der verlinkten Seiten ist stets der jeweilige Anbieter oder Betreiber der Seiten verantwortlich. Die verlinkten Seiten wurden zum Zeitpunkt der Verlinkung auf m\u00f6gliche Rechtsverst\u00f6\u00dfe \u00fcberpr\u00fcft. Rechtswidrige Inhalte waren zum Zeitpunkt der Verlinkung nicht erkennbar. Eine permanente inhaltliche Kontrolle der verlinkten Seiten ist jedoch ohne konkrete Anhaltspunkte einer Rechtsverletzung nicht zumutbar. Bei Bekanntwerden von Rechtsverletzungen werden wir derartige Links umgehend entfernen.<\/p>\n<p><strong>Urheberrecht<\/strong><br>Die durch die Seitenbetreiber erstellten Inhalte und Werke auf diesen Seiten unterliegen dem deutschen Urheberrecht. Die Vervielf\u00e4ltigung, Bearbeitung, Verbreitung und jede Art der Verwertung au\u00dferhalb der Grenzen des Urheberrechtes bed\u00fcrfen der schriftlichen Zustimmung des jeweiligen Autors bzw. Erstellers. Downloads und Kopien dieser Seite sind nur f\u00fcr den privaten, nicht kommerziellen Gebrauch gestattet. Soweit die Inhalte auf dieser Seite nicht vom Betreiber erstellt wurden, werden die Urheberrechte Dritter beachtet. Insbesondere werden Inhalte Dritter als solche gekennzeichnet. Sollten Sie trotzdem auf eine Urheberrechtsverletzung aufmerksam werden, bitten wir um einen entsprechenden Hinweis. Bei Bekanntwerden von Rechtsverletzungen werden wir derartige Inhalte umgehend entfernen.<\/p>\t\t\t\t\t\t\t\t<\/div>\n\t\t\t\t\t<\/div>\n\t\t\t\t<\/div>\n\t\t\t\t<\/div>\n\t\t","protected":false},"excerpt":{"rendered":"<p>Impressum Angaben gem\u00e4\u00df \u00a7 5 TMG DE.Light Events UG (haftungsbeschr\u00e4nkt)Inhaber:&nbsp;DE.Light Events UGHandelsregisternummer: HRB 272954&nbsp; Umsatzsteuer-Identifikationsnummer gem\u00e4\u00df \u00a727 a Umsatzsteuergesetz:DE453208757 Kontakt Mail:&nbsp;de.light.concerts@gmail.com Gaudystr. 8 \u2022 10437 \u2022 Berlin Haftung f\u00fcr Inhalte Als Diensteanbieter sind wir gem\u00e4\u00df \u00a7 7 Abs.1 TMG f\u00fcr eigene Inhalte auf diesen Seiten nach den allgemeinen Gesetzen verantwortlich. Nach \u00a7\u00a7 8 bis 10 [&hellip;]<\/p>\n","protected":false},"author":1,"featured_media":0,"parent":0,"menu_order":0,"comment_status":"closed","ping_status":"closed","template":"elementor_header_footer","meta":{"footnotes":""},"class_list":["post-491","page","type-page","status-publish","hentry"],"yoast_head":"<!-- This site is optimized with the Yoast SEO plugin v27.5 - https:\/\/yoast.com\/product\/yoast-seo-wordpress\/ -->\n<title>Impressum \u2013 Rechtliche Angaben von DE.Light Events Berlin<\/title>\n<meta name=\"description\" content=\"Impressum von DE.Light Events UG. Rechtliche Angaben gem\u00e4\u00df \u00a7 5 TMG, Kontaktinformationen und Unternehmensdetails.\" \/>\n<meta name=\"robots\" content=\"index, follow, max-snippet:-1, max-image-preview:large, max-video-preview:-1\" \/>\n<link rel=\"canonical\" href=\"https:\/\/de-light.art\/en\/impressum\/\" \/>\n<meta property=\"og:locale\" content=\"en_US\" \/>\n<meta property=\"og:type\" content=\"article\" \/>\n<meta property=\"og:title\" content=\"Impressum \u2013 Rechtliche Angaben von DE.Light Events Berlin\" \/>\n<meta property=\"og:description\" content=\"Impressum von DE.Light Events UG. Rechtliche Angaben gem\u00e4\u00df \u00a7 5 TMG, Kontaktinformationen und Unternehmensdetails.\" \/>\n<meta property=\"og:url\" content=\"https:\/\/de-light.art\/en\/impressum\/\" \/>\n<meta property=\"og:site_name\" content=\"DE.Light Events\" \/>\n<meta property=\"article:publisher\" content=\"https:\/\/www.facebook.com\/profile.php?id=61576774521172\" \/>\n<meta property=\"article:modified_time\" content=\"2026-04-28T20:20:02+00:00\" \/>\n<meta name=\"twitter:card\" content=\"summary_large_image\" \/>\n<meta name=\"twitter:label1\" content=\"Est. reading time\" \/>\n\t<meta name=\"twitter:data1\" content=\"2 minutes\" \/>\n<script type=\"application\/ld+json\" class=\"yoast-schema-graph\">{\"@context\":\"https:\\\/\\\/schema.org\",\"@graph\":[{\"@type\":\"WebPage\",\"@id\":\"https:\\\/\\\/de-light.art\\\/en\\\/impressum\\\/\",\"url\":\"https:\\\/\\\/de-light.art\\\/en\\\/impressum\\\/\",\"name\":\"Impressum \u2013 Rechtliche Angaben von DE.Light Events Berlin\",\"isPartOf\":{\"@id\":\"https:\\\/\\\/de-light.art\\\/en\\\/#website\"},\"datePublished\":\"2026-04-25T18:15:39+00:00\",\"dateModified\":\"2026-04-28T20:20:02+00:00\",\"description\":\"Impressum von DE.Light Events UG. Rechtliche Angaben gem\u00e4\u00df \u00a7 5 TMG, Kontaktinformationen und Unternehmensdetails.\",\"breadcrumb\":{\"@id\":\"https:\\\/\\\/de-light.art\\\/en\\\/impressum\\\/#breadcrumb\"},\"inLanguage\":\"en-US\",\"potentialAction\":[{\"@type\":\"ReadAction\",\"target\":[\"https:\\\/\\\/de-light.art\\\/en\\\/impressum\\\/\"]}]},{\"@type\":\"BreadcrumbList\",\"@id\":\"https:\\\/\\\/de-light.art\\\/en\\\/impressum\\\/#breadcrumb\",\"itemListElement\":[{\"@type\":\"ListItem\",\"position\":1,\"name\":\"Home\",\"item\":\"https:\\\/\\\/de-light.art\\\/en\\\/home\\\/\"},{\"@type\":\"ListItem\",\"position\":2,\"name\":\"Impressum\"}]},{\"@type\":\"WebSite\",\"@id\":\"https:\\\/\\\/de-light.art\\\/en\\\/#website\",\"url\":\"https:\\\/\\\/de-light.art\\\/en\\\/\",\"name\":\"DE.Light Events\",\"description\":\"Ballett &amp; Orchesterkonzerte in Deutschland und \u00d6sterreich\",\"publisher\":{\"@id\":\"https:\\\/\\\/de-light.art\\\/en\\\/#organization\"},\"alternateName\":\"DE.Light\",\"potentialAction\":[{\"@type\":\"SearchAction\",\"target\":{\"@type\":\"EntryPoint\",\"urlTemplate\":\"https:\\\/\\\/de-light.art\\\/en\\\/?s={search_term_string}\"},\"query-input\":{\"@type\":\"PropertyValueSpecification\",\"valueRequired\":true,\"valueName\":\"search_term_string\"}}],\"inLanguage\":\"en-US\"},{\"@type\":\"Organization\",\"@id\":\"https:\\\/\\\/de-light.art\\\/en\\\/#organization\",\"name\":\"DE.Light Events\",\"url\":\"https:\\\/\\\/de-light.art\\\/en\\\/\",\"logo\":{\"@type\":\"ImageObject\",\"inLanguage\":\"en-US\",\"@id\":\"https:\\\/\\\/de-light.art\\\/en\\\/#\\\/schema\\\/logo\\\/image\\\/\",\"url\":\"https:\\\/\\\/de-light.art\\\/wp-content\\\/uploads\\\/2026\\\/04\\\/header_logo.svg\",\"contentUrl\":\"https:\\\/\\\/de-light.art\\\/wp-content\\\/uploads\\\/2026\\\/04\\\/header_logo.svg\",\"width\":247,\"height\":102,\"caption\":\"DE.Light Events\"},\"image\":{\"@id\":\"https:\\\/\\\/de-light.art\\\/en\\\/#\\\/schema\\\/logo\\\/image\\\/\"},\"sameAs\":[\"https:\\\/\\\/www.facebook.com\\\/profile.php?id=61576774521172\",\"https:\\\/\\\/www.instagram.com\\\/de_lights.events\\\/\",\"https:\\\/\\\/www.youtube.com\\\/@DE.Light-Events\"]}]}<\/script>\n<!-- \/ Yoast SEO plugin. -->","yoast_head_json":{"title":"Impressum \u2013 Rechtliche Angaben von DE.Light Events Berlin","description":"Impressum von DE.Light Events UG. Rechtliche Angaben gem\u00e4\u00df \u00a7 5 TMG, Kontaktinformationen und Unternehmensdetails.","robots":{"index":"index","follow":"follow","max-snippet":"max-snippet:-1","max-image-preview":"max-image-preview:large","max-video-preview":"max-video-preview:-1"},"canonical":"https:\/\/de-light.art\/en\/impressum\/","og_locale":"en_US","og_type":"article","og_title":"Impressum \u2013 Rechtliche Angaben von DE.Light Events Berlin","og_description":"Impressum von DE.Light Events UG. Rechtliche Angaben gem\u00e4\u00df \u00a7 5 TMG, Kontaktinformationen und Unternehmensdetails.","og_url":"https:\/\/de-light.art\/en\/impressum\/","og_site_name":"DE.Light Events","article_publisher":"https:\/\/www.facebook.com\/profile.php?id=61576774521172","article_modified_time":"2026-04-28T20:20:02+00:00","twitter_card":"summary_large_image","twitter_misc":{"Est. reading time":"2 minutes"},"schema":{"@context":"https:\/\/schema.org","@graph":[{"@type":"WebPage","@id":"https:\/\/de-light.art\/en\/impressum\/","url":"https:\/\/de-light.art\/en\/impressum\/","name":"Impressum \u2013 Rechtliche Angaben von DE.Light Events Berlin","isPartOf":{"@id":"https:\/\/de-light.art\/en\/#website"},"datePublished":"2026-04-25T18:15:39+00:00","dateModified":"2026-04-28T20:20:02+00:00","description":"Impressum von DE.Light Events UG. Rechtliche Angaben gem\u00e4\u00df \u00a7 5 TMG, Kontaktinformationen und Unternehmensdetails.","breadcrumb":{"@id":"https:\/\/de-light.art\/en\/impressum\/#breadcrumb"},"inLanguage":"en-US","potentialAction":[{"@type":"ReadAction","target":["https:\/\/de-light.art\/en\/impressum\/"]}]},{"@type":"BreadcrumbList","@id":"https:\/\/de-light.art\/en\/impressum\/#breadcrumb","itemListElement":[{"@type":"ListItem","position":1,"name":"Home","item":"https:\/\/de-light.art\/en\/home\/"},{"@type":"ListItem","position":2,"name":"Impressum"}]},{"@type":"WebSite","@id":"https:\/\/de-light.art\/en\/#website","url":"https:\/\/de-light.art\/en\/","name":"DE.Light Events","description":"Ballett &amp; Orchesterkonzerte in Deutschland und \u00d6sterreich","publisher":{"@id":"https:\/\/de-light.art\/en\/#organization"},"alternateName":"DE.Light","potentialAction":[{"@type":"SearchAction","target":{"@type":"EntryPoint","urlTemplate":"https:\/\/de-light.art\/en\/?s={search_term_string}"},"query-input":{"@type":"PropertyValueSpecification","valueRequired":true,"valueName":"search_term_string"}}],"inLanguage":"en-US"},{"@type":"Organization","@id":"https:\/\/de-light.art\/en\/#organization","name":"DE.Light Events","url":"https:\/\/de-light.art\/en\/","logo":{"@type":"ImageObject","inLanguage":"en-US","@id":"https:\/\/de-light.art\/en\/#\/schema\/logo\/image\/","url":"https:\/\/de-light.art\/wp-content\/uploads\/2026\/04\/header_logo.svg","contentUrl":"https:\/\/de-light.art\/wp-content\/uploads\/2026\/04\/header_logo.svg","width":247,"height":102,"caption":"DE.Light Events"},"image":{"@id":"https:\/\/de-light.art\/en\/#\/schema\/logo\/image\/"},"sameAs":["https:\/\/www.facebook.com\/profile.php?id=61576774521172","https:\/\/www.instagram.com\/de_lights.events\/","https:\/\/www.youtube.com\/@DE.Light-Events"]}]}},"_links":{"self":[{"href":"https:\/\/de-light.art\/en\/wp-json\/wp\/v2\/pages\/491","targetHints":{"allow":["GET"]}}],"collection":[{"href":"https:\/\/de-light.art\/en\/wp-json\/wp\/v2\/pages"}],"about":[{"href":"https:\/\/de-light.art\/en\/wp-json\/wp\/v2\/types\/page"}],"author":[{"embeddable":true,"href":"https:\/\/de-light.art\/en\/wp-json\/wp\/v2\/users\/1"}],"replies":[{"embeddable":true,"href":"https:\/\/de-light.art\/en\/wp-json\/wp\/v2\/comments?post=491"}],"version-history":[{"count":1,"href":"https:\/\/de-light.art\/en\/wp-json\/wp\/v2\/pages\/491\/revisions"}],"predecessor-version":[{"id":492,"href":"https:\/\/de-light.art\/en\/wp-json\/wp\/v2\/pages\/491\/revisions\/492"}],"wp:attachment":[{"href":"https:\/\/de-light.art\/en\/wp-json\/wp\/v2\/media?parent=491"}],"curies":[{"name":"wp","href":"https:\/\/api.w.org\/{rel}","templated":true}]}}